{"id":115334,"date":"2020-10-05T13:20:20","date_gmt":"2020-10-05T17:20:20","guid":{"rendered":"https:\/\/bhhs.mwhost.ca\/?page_id=115334"},"modified":"2021-04-29T11:33:36","modified_gmt":"2021-04-29T15:33:36","slug":"sacha-brosseau","status":"publish","type":"page","link":"https:\/\/bhhs.mwhost.ca\/fr\/sacha-brosseau\/","title":{"rendered":"Sacha Brosseau"},"content":{"rendered":"<p>[vc_row][vc_column width=&#8221;1\/2&#8243;][vc_column_text]<\/p>\n<h1>Sacha Brosseau<\/h1>\n<h4>Fondateur,<br \/>\nPr\u00e9sident-directeur g\u00e9n\u00e9ral<\/h4>\n<p>[\/vc_column_text][vc_raw_html]JTNDZGl2JTIwY2xhc3MlM0QlMjJhZ2VudC1saXN0LXNvY2lhbCUyMiUzRSUwQSUwOSUzQ3NwYW4lM0UlMEElMDklMDklM0NhJTIwY2xhc3MlM0QlMjJidG4tZmFjZWJvb2slMjIlMjB0YXJnZXQlM0QlMjJfYmxhbmslMjIlMjBocmVmJTNEJTIyaHR0cHMlM0ElMkYlMkZ3d3cuZmFjZWJvb2suY29tJTJGcHJvZmlsZS5waHAlM0ZpZCUzRDEwMDAxMTAwNDk0NTM2NSUyMiUzRSUwQSUwOSUwOSUwOSUzQ2klMjBjbGFzcyUzRCUyMmhvdXplei1pY29uJTIwaWNvbi1zb2NpYWwtbWVkaWEtZmFjZWJvb2slMjBtci0yJTIyJTNFJTNDJTJGaSUzRSUwQSUwOSUwOSUzQyUyRmElM0UlMEElMDklM0MlMkZzcGFuJTNFJTBBJTA5JTNDc3BhbiUzRSUwQSUwOSUwOSUzQ2ElMjBjbGFzcyUzRCUyMmJ0bi1pbnN0YWdyYW0lMjIlMjB0YXJnZXQlM0QlMjJfYmxhbmslMjIlMjBocmVmJTNEJTIyaHR0cHMlM0ElMkYlMkZ3d3cuaW5zdGFncmFtLmNvbSUyRnNhY2hhX2Jyb3NzZWF1JTJGJTIyJTNFJTBBJTA5JTA5JTA5JTNDaSUyMGNsYXNzJTNEJTIyaG91emV6LWljb24lMjBpY29uLXNvY2lhbC1pbnN0YWdyYW0lMjBtci0yJTIyJTNFJTNDJTJGaSUzRSUwQSUwOSUwOSUzQyUyRmElM0UlMEElMDklM0MlMkZzcGFuJTNFJTBBJTA5JTNDc3BhbiUzRSUwQSUwOSUwOSUzQ2ElMjBjbGFzcyUzRCUyMmJ0bi1saW5rZWRpbiUyMiUyMHRhcmdldCUzRCUyMl9ibGFuayUyMiUyMGhyZWYlM0QlMjJodHRwcyUzQSUyRiUyRnd3dy5saW5rZWRpbi5jb20lMkZpbiUyRnNhY2hhLWJyb3NzZWF1LTczOWI4MTI2JTJGJTIyJTNFJTBBJTA5JTA5JTA5JTNDaSUyMGNsYXNzJTNEJTIyaG91emV6LWljb24lMjBpY29uLXByb2Zlc3Npb25hbC1uZXR3b3JrLWxpbmtlZGluJTIwbXItMiUyMiUzRSUzQyUyRmklM0UlMEElMDklMDklM0MlMkZhJTNFJTBBJTA5JTNDJTJGc3BhbiUzRSUwQSUzQyUyRmRpdiUzRQ==[\/vc_raw_html][vc_column_text]En tant que fondateur et chef de la direction de Berkshire Hathaway HomeServices Qu\u00e9bec, Sacha supervise les op\u00e9rations quotidiennes de l&#8217;entreprise tout en travaillant \u00e0 augmenter la notori\u00e9t\u00e9 de la marque dans la province.<\/p>\n<p>Dans ses anciens postes de direction, il a supervis\u00e9 des initiatives qui soutiennent la croissance d\u2019une entreprise ainsi que sa rentabilit\u00e9, tout en favorisant un environnement de collaboration et une forte culture positive.<\/p>\n<p>Il a une vaste exp\u00e9rience dans l&#8217;immobilier r\u00e9sidentiel, la vente de projets, le marketing et l&#8217;image de marque d&#8217;entreprise. Avant d&#8217;amener Berkshire Hathaway HomeServices au Qu\u00e9bec, il a jou\u00e9 un r\u00f4le central dans la croissance de l\u2019une des marques immobili\u00e8res de luxe de la province.<\/p>\n<p>Membre \u00e9tabli de la communaut\u00e9 d\u2019affaires de Montr\u00e9al, son r\u00e9seau est d\u2019envergure internationale et il entretient des relations de longue date parmi les plus grands chefs de file mondiaux de l\u2019industrie.<\/p>\n<p>Parlant couramment le fran\u00e7ais, l&#8217;anglais et l&#8217;italien, Sacha est dipl\u00f4m\u00e9e d&#8217;un Baccalaur\u00e9at en Affaire de l&#8217;Universit\u00e9 Bishop&#8217;s avec une concentration en marketing. Il a beaucoup voyag\u00e9 \u00e0 travers les \u00c9tats-Unis, les Cara\u00efbes et l\u2019Europe, embrassant la culture de chaque ville.[\/vc_column_text][\/vc_column][vc_column width=&#8221;1\/2&#8243;][vc_single_image image=&#8221;116839&#8243; img_size=&#8221;full&#8221;][\/vc_column][\/vc_row]<\/p>\n","protected":false},"excerpt":{"rendered":"<p>[vc_row][vc_column width=&#8221;1\/2&#8243;][vc_column_text] Sacha Brosseau Fondateur, Pr\u00e9sident-directeur g\u00e9n\u00e9ral [\/vc_column_text][vc_raw_html]JTNDZGl2JTIwY2xhc3MlM0QlMjJhZ2VudC1saXN0LXNvY2lhbCUyMiUzRSUwQSUwOSUzQ3NwYW4lM0UlMEElMDklMDklM0NhJTIwY2xhc3MlM0QlMjJidG4tZmFjZWJvb2slMjIlMjB0YXJnZXQlM0QlMjJfYmxhbmslMjIlMjBocmVmJTNEJTIyaHR0cHMlM0ElMkYlMkZ3d3cuZmFjZWJvb2suY29tJTJGcHJvZmlsZS5waHAlM0ZpZCUzRDEwMDAxMTAwNDk0NTM2NSUyMiUzRSUwQSUwOSUwOSUwOSUzQ2klMjBjbGFzcyUzRCUyMmhvdXplei1pY29uJTIwaWNvbi1zb2NpYWwtbWVkaWEtZmFjZWJvb2slMjBtci0yJTIyJTNFJTNDJTJGaSUzRSUwQSUwOSUwOSUzQyUyRmElM0UlMEElMDklM0MlMkZzcGFuJTNFJTBBJTA5JTNDc3BhbiUzRSUwQSUwOSUwOSUzQ2ElMjBjbGFzcyUzRCUyMmJ0bi1pbnN0YWdyYW0lMjIlMjB0YXJnZXQlM0QlMjJfYmxhbmslMjIlMjBocmVmJTNEJTIyaHR0cHMlM0ElMkYlMkZ3d3cuaW5zdGFncmFtLmNvbSUyRnNhY2hhX2Jyb3NzZWF1JTJGJTIyJTNFJTBBJTA5JTA5JTA5JTNDaSUyMGNsYXNzJTNEJTIyaG91emV6LWljb24lMjBpY29uLXNvY2lhbC1pbnN0YWdyYW0lMjBtci0yJTIyJTNFJTNDJTJGaSUzRSUwQSUwOSUwOSUzQyUyRmElM0UlMEElMDklM0MlMkZzcGFuJTNFJTBBJTA5JTNDc3BhbiUzRSUwQSUwOSUwOSUzQ2ElMjBjbGFzcyUzRCUyMmJ0bi1saW5rZWRpbiUyMiUyMHRhcmdldCUzRCUyMl9ibGFuayUyMiUyMGhyZWYlM0QlMjJodHRwcyUzQSUyRiUyRnd3dy5saW5rZWRpbi5jb20lMkZpbiUyRnNhY2hhLWJyb3NzZWF1LTczOWI4MTI2JTJGJTIyJTNFJTBBJTA5JTA5JTA5JTNDaSUyMGNsYXNzJTNEJTIyaG91emV6LWljb24lMjBpY29uLXByb2Zlc3Npb25hbC1uZXR3b3JrLWxpbmtlZGluJTIwbXItMiUyMiUzRSUzQyUyRmklM0UlMEElMDklMDklM0MlMkZhJTNFJTBBJTA5JTNDJTJGc3BhbiUzRSUwQSUzQyUyRmRpdiUzRQ==[\/vc_raw_html][vc_column_text]En tant que fondateur et chef de la direction de Berkshire Hathaway HomeServices Qu\u00e9bec, Sacha supervise les op\u00e9rations quotidiennes de l&#8217;entreprise tout en travaillant \u00e0 augmenter la notori\u00e9t\u00e9 de la marque dans la province. Dans ses anciens postes de direction, il a supervis\u00e9 des initiatives qui soutiennent la [&hellip;]<\/p>\n","protected":false},"author":64,"featured_media":0,"parent":0,"menu_order":0,"comment_status":"closed","ping_status":"closed","template":"template\/template-homepage.php","meta":{"_acf_changed":false,"footnotes":""},"class_list":["post-115334","page","type-page","status-publish","hentry"],"acf":[],"yoast_head":"<!-- This site is optimized with the Yoast SEO plugin v26.2 - https:\/\/yoast.com\/wordpress\/plugins\/seo\/ -->\n<title>Sacha Brosseau - BHHS Qu\u00e9bec<\/title>\n<meta name=\"robots\" content=\"index, follow, max-snippet:-1, max-image-preview:large, max-video-preview:-1\" \/>\n<link rel=\"canonical\" href=\"https:\/\/bhhs.mwhost.ca\/sacha-brosseau\/\" \/>\n<meta property=\"og:locale\" content=\"fr_FR\" \/>\n<meta property=\"og:type\" content=\"article\" \/>\n<meta property=\"og:title\" content=\"Sacha Brosseau - BHHS Qu\u00e9bec\" \/>\n<meta property=\"og:description\" content=\"[vc_row][vc_column width=&#8221;1\/2&#8243;][vc_column_text] Sacha Brosseau Fondateur, Pr\u00e9sident-directeur g\u00e9n\u00e9ral [\/vc_column_text][vc_raw_html]JTNDZGl2JTIwY2xhc3MlM0QlMjJhZ2VudC1saXN0LXNvY2lhbCUyMiUzRSUwQSUwOSUzQ3NwYW4lM0UlMEElMDklMDklM0NhJTIwY2xhc3MlM0QlMjJidG4tZmFjZWJvb2slMjIlMjB0YXJnZXQlM0QlMjJfYmxhbmslMjIlMjBocmVmJTNEJTIyaHR0cHMlM0ElMkYlMkZ3d3cuZmFjZWJvb2suY29tJTJGcHJvZmlsZS5waHAlM0ZpZCUzRDEwMDAxMTAwNDk0NTM2NSUyMiUzRSUwQSUwOSUwOSUwOSUzQ2klMjBjbGFzcyUzRCUyMmhvdXplei1pY29uJTIwaWNvbi1zb2NpYWwtbWVkaWEtZmFjZWJvb2slMjBtci0yJTIyJTNFJTNDJTJGaSUzRSUwQSUwOSUwOSUzQyUyRmElM0UlMEElMDklM0MlMkZzcGFuJTNFJTBBJTA5JTNDc3BhbiUzRSUwQSUwOSUwOSUzQ2ElMjBjbGFzcyUzRCUyMmJ0bi1pbnN0YWdyYW0lMjIlMjB0YXJnZXQlM0QlMjJfYmxhbmslMjIlMjBocmVmJTNEJTIyaHR0cHMlM0ElMkYlMkZ3d3cuaW5zdGFncmFtLmNvbSUyRnNhY2hhX2Jyb3NzZWF1JTJGJTIyJTNFJTBBJTA5JTA5JTA5JTNDaSUyMGNsYXNzJTNEJTIyaG91emV6LWljb24lMjBpY29uLXNvY2lhbC1pbnN0YWdyYW0lMjBtci0yJTIyJTNFJTNDJTJGaSUzRSUwQSUwOSUwOSUzQyUyRmElM0UlMEElMDklM0MlMkZzcGFuJTNFJTBBJTA5JTNDc3BhbiUzRSUwQSUwOSUwOSUzQ2ElMjBjbGFzcyUzRCUyMmJ0bi1saW5rZWRpbiUyMiUyMHRhcmdldCUzRCUyMl9ibGFuayUyMiUyMGhyZWYlM0QlMjJodHRwcyUzQSUyRiUyRnd3dy5saW5rZWRpbi5jb20lMkZpbiUyRnNhY2hhLWJyb3NzZWF1LTczOWI4MTI2JTJGJTIyJTNFJTBBJTA5JTA5JTA5JTNDaSUyMGNsYXNzJTNEJTIyaG91emV6LWljb24lMjBpY29uLXByb2Zlc3Npb25hbC1uZXR3b3JrLWxpbmtlZGluJTIwbXItMiUyMiUzRSUzQyUyRmklM0UlMEElMDklMDklM0MlMkZhJTNFJTBBJTA5JTNDJTJGc3BhbiUzRSUwQSUzQyUyRmRpdiUzRQ==[\/vc_raw_html][vc_column_text]En tant que fondateur et chef de la direction de Berkshire Hathaway HomeServices Qu\u00e9bec, Sacha supervise les op\u00e9rations quotidiennes de l&#8217;entreprise tout en travaillant \u00e0 augmenter la notori\u00e9t\u00e9 de la marque dans la province. Dans ses anciens postes de direction, il a supervis\u00e9 des initiatives qui soutiennent la [&hellip;]\" \/>\n<meta property=\"og:url\" content=\"https:\/\/bhhs.mwhost.ca\/sacha-brosseau\/\" \/>\n<meta property=\"og:site_name\" content=\"BHHS Qu\u00e9bec\" \/>\n<meta property=\"article:modified_time\" content=\"2021-04-29T15:33:36+00:00\" \/>\n<meta property=\"og:image\" content=\"https:\/\/bhhs.mwhost.ca\/wp-content\/uploads\/2023\/01\/bhhsquebec-og-image.jpg\" \/>\n\t<meta property=\"og:image:width\" content=\"1200\" \/>\n\t<meta property=\"og:image:height\" content=\"628\" \/>\n\t<meta property=\"og:image:type\" content=\"image\/jpeg\" \/>\n<meta name=\"twitter:card\" content=\"summary_large_image\" \/>\n<meta name=\"twitter:label1\" content=\"Dur\u00e9e de lecture estim\u00e9e\" \/>\n\t<meta name=\"twitter:data1\" content=\"2 minutes\" \/>\n<script type=\"application\/ld+json\" class=\"yoast-schema-graph\">{\"@context\":\"https:\/\/schema.org\",\"@graph\":[{\"@type\":\"WebPage\",\"@id\":\"https:\/\/bhhs.mwhost.ca\/sacha-brosseau\/\",\"url\":\"https:\/\/bhhs.mwhost.ca\/sacha-brosseau\/\",\"name\":\"Sacha Brosseau - BHHS Qu\u00e9bec\",\"isPartOf\":{\"@id\":\"https:\/\/bhhs.mwhost.ca\/en\/#website\"},\"datePublished\":\"2020-10-05T17:20:20+00:00\",\"dateModified\":\"2021-04-29T15:33:36+00:00\",\"breadcrumb\":{\"@id\":\"https:\/\/bhhs.mwhost.ca\/sacha-brosseau\/#breadcrumb\"},\"inLanguage\":\"fr-FR\",\"potentialAction\":[{\"@type\":\"ReadAction\",\"target\":[\"https:\/\/bhhs.mwhost.ca\/sacha-brosseau\/\"]}]},{\"@type\":\"BreadcrumbList\",\"@id\":\"https:\/\/bhhs.mwhost.ca\/sacha-brosseau\/#breadcrumb\",\"itemListElement\":[{\"@type\":\"ListItem\",\"position\":1,\"name\":\"Accueil\",\"item\":\"https:\/\/bhhs.mwhost.ca\/\"},{\"@type\":\"ListItem\",\"position\":2,\"name\":\"Sacha Brosseau\"}]},{\"@type\":\"WebSite\",\"@id\":\"https:\/\/bhhs.mwhost.ca\/en\/#website\",\"url\":\"https:\/\/bhhs.mwhost.ca\/en\/\",\"name\":\"BHHS Qu\u00e9bec\",\"description\":\"\",\"publisher\":{\"@id\":\"https:\/\/bhhs.mwhost.ca\/en\/#organization\"},\"potentialAction\":[{\"@type\":\"SearchAction\",\"target\":{\"@type\":\"EntryPoint\",\"urlTemplate\":\"https:\/\/bhhs.mwhost.ca\/en\/?s={search_term_string}\"},\"query-input\":{\"@type\":\"PropertyValueSpecification\",\"valueRequired\":true,\"valueName\":\"search_term_string\"}}],\"inLanguage\":\"fr-FR\"},{\"@type\":\"Organization\",\"@id\":\"https:\/\/bhhs.mwhost.ca\/en\/#organization\",\"name\":\"BHHS Qu\u00e9bec\",\"url\":\"https:\/\/bhhs.mwhost.ca\/en\/\",\"logo\":{\"@type\":\"ImageObject\",\"inLanguage\":\"fr-FR\",\"@id\":\"https:\/\/bhhs.mwhost.ca\/en\/#\/schema\/logo\/image\/\",\"url\":\"https:\/\/bhhs.mwhost.ca\/wp-content\/uploads\/2023\/01\/BHHS-logo-v4.png\",\"contentUrl\":\"https:\/\/bhhs.mwhost.ca\/wp-content\/uploads\/2023\/01\/BHHS-logo-v4.png\",\"width\":690,\"height\":169,\"caption\":\"BHHS Qu\u00e9bec\"},\"image\":{\"@id\":\"https:\/\/bhhs.mwhost.ca\/en\/#\/schema\/logo\/image\/\"}}]}<\/script>\n<!-- \/ Yoast SEO plugin. -->","yoast_head_json":{"title":"Sacha Brosseau - BHHS Qu\u00e9bec","robots":{"index":"index","follow":"follow","max-snippet":"max-snippet:-1","max-image-preview":"max-image-preview:large","max-video-preview":"max-video-preview:-1"},"canonical":"https:\/\/bhhs.mwhost.ca\/sacha-brosseau\/","og_locale":"fr_FR","og_type":"article","og_title":"Sacha Brosseau - BHHS Qu\u00e9bec","og_description":"[vc_row][vc_column width=&#8221;1\/2&#8243;][vc_column_text] Sacha Brosseau Fondateur, Pr\u00e9sident-directeur g\u00e9n\u00e9ral [\/vc_column_text][vc_raw_html]JTNDZGl2JTIwY2xhc3MlM0QlMjJhZ2VudC1saXN0LXNvY2lhbCUyMiUzRSUwQSUwOSUzQ3NwYW4lM0UlMEElMDklMDklM0NhJTIwY2xhc3MlM0QlMjJidG4tZmFjZWJvb2slMjIlMjB0YXJnZXQlM0QlMjJfYmxhbmslMjIlMjBocmVmJTNEJTIyaHR0cHMlM0ElMkYlMkZ3d3cuZmFjZWJvb2suY29tJTJGcHJvZmlsZS5waHAlM0ZpZCUzRDEwMDAxMTAwNDk0NTM2NSUyMiUzRSUwQSUwOSUwOSUwOSUzQ2klMjBjbGFzcyUzRCUyMmhvdXplei1pY29uJTIwaWNvbi1zb2NpYWwtbWVkaWEtZmFjZWJvb2slMjBtci0yJTIyJTNFJTNDJTJGaSUzRSUwQSUwOSUwOSUzQyUyRmElM0UlMEElMDklM0MlMkZzcGFuJTNFJTBBJTA5JTNDc3BhbiUzRSUwQSUwOSUwOSUzQ2ElMjBjbGFzcyUzRCUyMmJ0bi1pbnN0YWdyYW0lMjIlMjB0YXJnZXQlM0QlMjJfYmxhbmslMjIlMjBocmVmJTNEJTIyaHR0cHMlM0ElMkYlMkZ3d3cuaW5zdGFncmFtLmNvbSUyRnNhY2hhX2Jyb3NzZWF1JTJGJTIyJTNFJTBBJTA5JTA5JTA5JTNDaSUyMGNsYXNzJTNEJTIyaG91emV6LWljb24lMjBpY29uLXNvY2lhbC1pbnN0YWdyYW0lMjBtci0yJTIyJTNFJTNDJTJGaSUzRSUwQSUwOSUwOSUzQyUyRmElM0UlMEElMDklM0MlMkZzcGFuJTNFJTBBJTA5JTNDc3BhbiUzRSUwQSUwOSUwOSUzQ2ElMjBjbGFzcyUzRCUyMmJ0bi1saW5rZWRpbiUyMiUyMHRhcmdldCUzRCUyMl9ibGFuayUyMiUyMGhyZWYlM0QlMjJodHRwcyUzQSUyRiUyRnd3dy5saW5rZWRpbi5jb20lMkZpbiUyRnNhY2hhLWJyb3NzZWF1LTczOWI4MTI2JTJGJTIyJTNFJTBBJTA5JTA5JTA5JTNDaSUyMGNsYXNzJTNEJTIyaG91emV6LWljb24lMjBpY29uLXByb2Zlc3Npb25hbC1uZXR3b3JrLWxpbmtlZGluJTIwbXItMiUyMiUzRSUzQyUyRmklM0UlMEElMDklMDklM0MlMkZhJTNFJTBBJTA5JTNDJTJGc3BhbiUzRSUwQSUzQyUyRmRpdiUzRQ==[\/vc_raw_html][vc_column_text]En tant que fondateur et chef de la direction de Berkshire Hathaway HomeServices Qu\u00e9bec, Sacha supervise les op\u00e9rations quotidiennes de l&#8217;entreprise tout en travaillant \u00e0 augmenter la notori\u00e9t\u00e9 de la marque dans la province. Dans ses anciens postes de direction, il a supervis\u00e9 des initiatives qui soutiennent la [&hellip;]","og_url":"https:\/\/bhhs.mwhost.ca\/sacha-brosseau\/","og_site_name":"BHHS Qu\u00e9bec","article_modified_time":"2021-04-29T15:33:36+00:00","og_image":[{"width":1200,"height":628,"url":"https:\/\/bhhs.mwhost.ca\/wp-content\/uploads\/2023\/01\/bhhsquebec-og-image.jpg","type":"image\/jpeg"}],"twitter_card":"summary_large_image","twitter_misc":{"Dur\u00e9e de lecture estim\u00e9e":"2 minutes"},"schema":{"@context":"https:\/\/schema.org","@graph":[{"@type":"WebPage","@id":"https:\/\/bhhs.mwhost.ca\/sacha-brosseau\/","url":"https:\/\/bhhs.mwhost.ca\/sacha-brosseau\/","name":"Sacha Brosseau - BHHS Qu\u00e9bec","isPartOf":{"@id":"https:\/\/bhhs.mwhost.ca\/en\/#website"},"datePublished":"2020-10-05T17:20:20+00:00","dateModified":"2021-04-29T15:33:36+00:00","breadcrumb":{"@id":"https:\/\/bhhs.mwhost.ca\/sacha-brosseau\/#breadcrumb"},"inLanguage":"fr-FR","potentialAction":[{"@type":"ReadAction","target":["https:\/\/bhhs.mwhost.ca\/sacha-brosseau\/"]}]},{"@type":"BreadcrumbList","@id":"https:\/\/bhhs.mwhost.ca\/sacha-brosseau\/#breadcrumb","itemListElement":[{"@type":"ListItem","position":1,"name":"Accueil","item":"https:\/\/bhhs.mwhost.ca\/"},{"@type":"ListItem","position":2,"name":"Sacha Brosseau"}]},{"@type":"WebSite","@id":"https:\/\/bhhs.mwhost.ca\/en\/#website","url":"https:\/\/bhhs.mwhost.ca\/en\/","name":"BHHS Qu\u00e9bec","description":"","publisher":{"@id":"https:\/\/bhhs.mwhost.ca\/en\/#organization"},"potentialAction":[{"@type":"SearchAction","target":{"@type":"EntryPoint","urlTemplate":"https:\/\/bhhs.mwhost.ca\/en\/?s={search_term_string}"},"query-input":{"@type":"PropertyValueSpecification","valueRequired":true,"valueName":"search_term_string"}}],"inLanguage":"fr-FR"},{"@type":"Organization","@id":"https:\/\/bhhs.mwhost.ca\/en\/#organization","name":"BHHS Qu\u00e9bec","url":"https:\/\/bhhs.mwhost.ca\/en\/","logo":{"@type":"ImageObject","inLanguage":"fr-FR","@id":"https:\/\/bhhs.mwhost.ca\/en\/#\/schema\/logo\/image\/","url":"https:\/\/bhhs.mwhost.ca\/wp-content\/uploads\/2023\/01\/BHHS-logo-v4.png","contentUrl":"https:\/\/bhhs.mwhost.ca\/wp-content\/uploads\/2023\/01\/BHHS-logo-v4.png","width":690,"height":169,"caption":"BHHS Qu\u00e9bec"},"image":{"@id":"https:\/\/bhhs.mwhost.ca\/en\/#\/schema\/logo\/image\/"}}]}},"_links":{"self":[{"href":"https:\/\/bhhs.mwhost.ca\/fr\/wp-json\/wp\/v2\/pages\/115334","targetHints":{"allow":["GET"]}}],"collection":[{"href":"https:\/\/bhhs.mwhost.ca\/fr\/wp-json\/wp\/v2\/pages"}],"about":[{"href":"https:\/\/bhhs.mwhost.ca\/fr\/wp-json\/wp\/v2\/types\/page"}],"author":[{"embeddable":true,"href":"https:\/\/bhhs.mwhost.ca\/fr\/wp-json\/wp\/v2\/users\/64"}],"replies":[{"embeddable":true,"href":"https:\/\/bhhs.mwhost.ca\/fr\/wp-json\/wp\/v2\/comments?post=115334"}],"version-history":[{"count":15,"href":"https:\/\/bhhs.mwhost.ca\/fr\/wp-json\/wp\/v2\/pages\/115334\/revisions"}],"predecessor-version":[{"id":116872,"href":"https:\/\/bhhs.mwhost.ca\/fr\/wp-json\/wp\/v2\/pages\/115334\/revisions\/116872"}],"wp:attachment":[{"href":"https:\/\/bhhs.mwhost.ca\/fr\/wp-json\/wp\/v2\/media?parent=115334"}],"curies":[{"name":"wp","href":"https:\/\/api.w.org\/{rel}","templated":true}]}}