{"id":116299,"date":"2021-01-28T11:39:56","date_gmt":"2021-01-28T16:39:56","guid":{"rendered":"https:\/\/bhhs.mwhost.ca\/?page_id=116299"},"modified":"2023-09-20T10:52:29","modified_gmt":"2023-09-20T14:52:29","slug":"on-parle-de-nous","status":"publish","type":"page","link":"https:\/\/bhhs.mwhost.ca\/fr\/on-parle-de-nous\/","title":{"rendered":"On parle de nous"},"content":{"rendered":"<p>[vc_row full_width=&#8221;stretch_row&#8221; el_class=&#8221;banner no_pad in-the-news-title&#8221; css=&#8221;.vc_custom_1695221546305{background: #484247 url(https:\/\/bhhs.mwhost.ca\/wp-content\/uploads\/2021\/01\/in-the-news.jpg?id=116370) !important;background-position: center !important;background-repeat: no-repeat !important;background-size: cover !important;}&#8221;][vc_column][vc_column_text]<\/p>\n<h2 style=\"text-align: center;\"><strong>#Bon\u00c0Savoir<\/strong><\/h2>\n<p>[\/vc_column_text][\/vc_column][\/vc_row][vc_row][vc_column][vc_row_inner][vc_column_inner]        <div class=\"agent-news\">\n            <div class=\"list-news list-news-front\">\n                                                                <div class=\"list-news-item\">\n                            <div class=\"list-news-box\">\n                                                                    <div class=\"list-news-box-image\">\n                                        <img decoding=\"async\" src=\"https:\/\/bhhs.mwhost.ca\/wp-content\/uploads\/2021\/09\/31F5766C-B923-43D5-8460-A3ADD11B9234.jpeg\">\n                                    <\/div>\n                                                                <div class=\"list-news-box-info\">\n                                    <h3>Luxury property in Outremont featured in Unique Homes<\/h3>\n                                                                                                                    <h5>23 septembre 2021<\/h5>\n                                                                                                                <p>\u201cIt is nestled on prestigious Maplewood Avenue in the heart of Outremont in Montr\u00e9al, Canada,\u201d says listing agent Maureen Brosseau of Berkshire Hathaway HomeServices Quebec. \u201cIt is surrounded by lush park-like gardens and blends the charm of the old world with the convenience of the new.\u201d<\/p>\n                                                                        <p><a class=\"btn\" href=\"https:\/\/www.uniquehomes.com\/sophistication-and-warmth-in-outremont-quebec\/\"\n                                          target=\"_blank\">Voir l'article<\/a><\/p>\n                                <\/div>\n                            <\/div>\n                        <\/div>\n                                                                    <div class=\"list-news-item\">\n                            <div class=\"list-news-box\">\n                                                                    <div class=\"list-news-box-image\">\n                                        <img decoding=\"async\" src=\"https:\/\/bhhs.mwhost.ca\/wp-content\/uploads\/2021\/05\/C15FBB31-558F-4603-B480-C051AD323EEA.jpeg\">\n                                    <\/div>\n                                                                <div class=\"list-news-box-info\">\n                                    <h3>Berkshire Hathaway HomeServices Qu\u00e9bec c\u00e9l\u00e8bre sa premi\u00e8re ann\u00e9e<\/h3>\n                                                                                                                    <h5>8 mai 2021<\/h5>\n                                                                                                            <p><a class=\"btn\" href=\"https:\/\/www.google.ca\/amp\/s\/fr.finance.yahoo.com\/amphtml\/actualites\/berkshire-hathaway-homeservices-qu%25C3%25A9bec-c%25C3%25A9l%25C3%25A8bre-120000498.html\"\n                                          target=\"_blank\">Voir l'article<\/a><\/p>\n                                <\/div>\n                            <\/div>\n                        <\/div>\n                                                                    <div class=\"list-news-item\">\n                            <div class=\"list-news-box\">\n                                                                    <div class=\"list-news-box-image\">\n                                        <img decoding=\"async\" src=\"https:\/\/bhhs.mwhost.ca\/wp-content\/uploads\/2021\/02\/CA802_Seal_cab_rgb.jpg\">\n                                    <\/div>\n                                                                <div class=\"list-news-box-info\">\n                                    <h3>Real estate investing in a Covid-19 world<\/h3>\n                                                                                                                    <h5>4 f\u00e9vrier 2021<\/h5>\n                                                                                                            <p><a class=\"btn\" href=\"https:\/\/www.bhhs.com\/about\/newsroom\/wsj\/real-estate-investing\"\n                                          target=\"_blank\">Voir l'article<\/a><\/p>\n                                <\/div>\n                            <\/div>\n                        <\/div>\n                                                                    <div class=\"list-news-item\">\n                            <div class=\"list-news-box\">\n                                                                    <div class=\"list-news-box-image\">\n                                        <img decoding=\"async\" src=\"https:\/\/bhhs.mwhost.ca\/wp-content\/uploads\/2021\/02\/glrem-1.png\">\n                                    <\/div>\n                                                                <div class=\"list-news-box-info\">\n                                    <h3>Global Luxury Podcast: An interview with Sacha Brosseau, C.E.O of BHHS Qu\u00e9bec<\/h3>\n                                                                                                                    <h5>12 janvier 2021<\/h5>\n                                                                                                            <p><a class=\"btn\" href=\"https:\/\/www.glrem.com\/post\/sacha-brosseau-ceo-at-berkshire-hathaway-homeservice-price-is-what-you-pay-value-is-what-you-get\"\n                                          target=\"_blank\">Voir l'article<\/a><\/p>\n                                <\/div>\n                            <\/div>\n                        <\/div>\n                                                                    <div class=\"list-news-item\">\n                            <div class=\"list-news-box\">\n                                                                    <div class=\"list-news-box-image\">\n                                        <img decoding=\"async\" src=\"https:\/\/bhhs.mwhost.ca\/wp-content\/uploads\/2021\/02\/rem_mag-1.png\">\n                                    <\/div>\n                                                                <div class=\"list-news-box-info\">\n                                    <h3>Berkshire Hathaway HomeServices Qu\u00e9bec brokers volunteer at Salvation Army<\/h3>\n                                                                                                                    <h5>17 d\u00e9cembre 2020<\/h5>\n                                                                                                            <p><a class=\"btn\" href=\"https:\/\/www.realestatemagazine.ca\/berkshire-hathaway-homeservices-quebec-brokers-volunteer-at-salvation-army\/\"\n                                          target=\"_blank\">Voir l'article<\/a><\/p>\n                                <\/div>\n                            <\/div>\n                        <\/div>\n                                                                    <div class=\"list-news-item\">\n                            <div class=\"list-news-box\">\n                                                                    <div class=\"list-news-box-image\">\n                                        <img decoding=\"async\" src=\"https:\/\/bhhs.mwhost.ca\/wp-content\/uploads\/2021\/02\/logo-luxe-new.jpg\">\n                                    <\/div>\n                                                                <div class=\"list-news-box-info\">\n                                    <h3>Sacha Brosseau, C.E.O of Berkshire Hathaway HomeServices Qu\u00e9bec<\/h3>\n                                                                                                                    <h5>1er d\u00e9cembre 2020<\/h5>\n                                                                                                            <p><a class=\"btn\" href=\"https:\/\/magazineluxe.com\/sacha-brosseau-ceo-of-berkshire-hathaway-homeservices-quebec\/\"\n                                          target=\"_blank\">Voir l'article<\/a><\/p>\n                                <\/div>\n                            <\/div>\n                        <\/div>\n                                                                    <div class=\"list-news-item\">\n                            <div class=\"list-news-box\">\n                                                                    <div class=\"list-news-box-image\">\n                                        <img decoding=\"async\" src=\"https:\/\/bhhs.mwhost.ca\/wp-content\/uploads\/2021\/02\/rem_mag-1.png\">\n                                    <\/div>\n                                                                <div class=\"list-news-box-info\">\n                                    <h3>Berkshire Hathaway HomeServices Qu\u00e9bec opens Montreal head office<\/h3>\n                                                                                                                    <h5>1er octobre 2020<\/h5>\n                                                                                                            <p><a class=\"btn\" href=\"https:\/\/www.realestatemagazine.ca\/berkshire-hathaway-homeservices-quebec-opens-montreal-head-office\/\"\n                                          target=\"_blank\">Voir l'article<\/a><\/p>\n                                <\/div>\n                            <\/div>\n                        <\/div>\n                                                                    <div class=\"list-news-item\">\n                            <div class=\"list-news-box\">\n                                                                    <div class=\"list-news-box-image\">\n                                        <img decoding=\"async\" src=\"https:\/\/bhhs.mwhost.ca\/wp-content\/uploads\/2021\/02\/financial_post.png\">\n                                    <\/div>\n                                                                <div class=\"list-news-box-info\">\n                                    <h3>Berkshire Hathaway HomeServices Awards Franchise in the Province of Qu\u00e9bec<\/h3>\n                                                                                                                    <h5>8 mai 2020<\/h5>\n                                                                                                            <p><a class=\"btn\" href=\"https:\/\/financialpost.com\/pmn\/press-releases-pmn\/business-wire-news-releases-pmn\/berkshire-hathaway-homeservices-awards-franchise-in-the-province-of-quebec\"\n                                          target=\"_blank\">Voir l'article<\/a><\/p>\n                                <\/div>\n                            <\/div>\n                        <\/div>\n                                <\/div>\n        <\/div>\n        [\/vc_column_inner][\/vc_row_inner][\/vc_column][\/vc_row]<\/p>\n","protected":false},"excerpt":{"rendered":"<p>[vc_row full_width=&#8221;stretch_row&#8221; el_class=&#8221;banner no_pad in-the-news-title&#8221; css=&#8221;.vc_custom_1695221546305{background: #484247 url(https:\/\/bhhs.mwhost.ca\/wp-content\/uploads\/2021\/01\/in-the-news.jpg?id=116370) !important;background-position: center !important;background-repeat: no-repeat !important;background-size: cover !important;}&#8221;][vc_column][vc_column_text] #Bon\u00c0Savoir [\/vc_column_text][\/vc_column][\/vc_row][vc_row][vc_column][vc_row_inner][vc_column_inner][\/vc_column_inner][\/vc_row_inner][\/vc_column][\/vc_row]<\/p>\n","protected":false},"author":64,"featured_media":0,"parent":0,"menu_order":0,"comment_status":"closed","ping_status":"closed","template":"template\/template-homepage.php","meta":{"_acf_changed":false,"footnotes":""},"class_list":["post-116299","page","type-page","status-publish","hentry"],"acf":[],"yoast_head":"<!-- This site is optimized with the Yoast SEO plugin v26.2 - https:\/\/yoast.com\/wordpress\/plugins\/seo\/ -->\n<title>On parle de nous - BHHS Qu\u00e9bec<\/title>\n<meta name=\"robots\" content=\"index, follow, max-snippet:-1, max-image-preview:large, max-video-preview:-1\" \/>\n<link rel=\"canonical\" href=\"https:\/\/bhhs.mwhost.ca\/on-parle-de-nous\/\" \/>\n<meta property=\"og:locale\" content=\"fr_FR\" \/>\n<meta property=\"og:type\" content=\"article\" \/>\n<meta property=\"og:title\" content=\"On parle de nous - BHHS Qu\u00e9bec\" \/>\n<meta property=\"og:description\" content=\"[vc_row full_width=&#8221;stretch_row&#8221; el_class=&#8221;banner no_pad in-the-news-title&#8221; css=&#8221;.vc_custom_1695221546305{background: #484247 url(https:\/\/bhhs.mwhost.ca\/wp-content\/uploads\/2021\/01\/in-the-news.jpg?id=116370) !important;background-position: center !important;background-repeat: no-repeat !important;background-size: cover !important;}&#8221;][vc_column][vc_column_text] #Bon\u00c0Savoir [\/vc_column_text][\/vc_column][\/vc_row][vc_row][vc_column][vc_row_inner][vc_column_inner][\/vc_column_inner][\/vc_row_inner][\/vc_column][\/vc_row]\" \/>\n<meta property=\"og:url\" content=\"https:\/\/bhhs.mwhost.ca\/on-parle-de-nous\/\" \/>\n<meta property=\"og:site_name\" content=\"BHHS Qu\u00e9bec\" \/>\n<meta property=\"article:modified_time\" content=\"2023-09-20T14:52:29+00:00\" \/>\n<meta property=\"og:image\" content=\"https:\/\/bhhs.mwhost.ca\/wp-content\/uploads\/2023\/01\/bhhsquebec-og-image.jpg\" \/>\n\t<meta property=\"og:image:width\" content=\"1200\" \/>\n\t<meta property=\"og:image:height\" content=\"628\" \/>\n\t<meta property=\"og:image:type\" content=\"image\/jpeg\" \/>\n<meta name=\"twitter:card\" content=\"summary_large_image\" \/>\n<meta name=\"twitter:label1\" content=\"Dur\u00e9e de lecture estim\u00e9e\" \/>\n\t<meta name=\"twitter:data1\" content=\"1 minute\" \/>\n<script type=\"application\/ld+json\" class=\"yoast-schema-graph\">{\"@context\":\"https:\/\/schema.org\",\"@graph\":[{\"@type\":\"WebPage\",\"@id\":\"https:\/\/bhhs.mwhost.ca\/on-parle-de-nous\/\",\"url\":\"https:\/\/bhhs.mwhost.ca\/on-parle-de-nous\/\",\"name\":\"On parle de nous - BHHS Qu\u00e9bec\",\"isPartOf\":{\"@id\":\"https:\/\/bhhs.mwhost.ca\/en\/#website\"},\"datePublished\":\"2021-01-28T16:39:56+00:00\",\"dateModified\":\"2023-09-20T14:52:29+00:00\",\"breadcrumb\":{\"@id\":\"https:\/\/bhhs.mwhost.ca\/on-parle-de-nous\/#breadcrumb\"},\"inLanguage\":\"fr-FR\",\"potentialAction\":[{\"@type\":\"ReadAction\",\"target\":[\"https:\/\/bhhs.mwhost.ca\/on-parle-de-nous\/\"]}]},{\"@type\":\"BreadcrumbList\",\"@id\":\"https:\/\/bhhs.mwhost.ca\/on-parle-de-nous\/#breadcrumb\",\"itemListElement\":[{\"@type\":\"ListItem\",\"position\":1,\"name\":\"Accueil\",\"item\":\"https:\/\/bhhs.mwhost.ca\/\"},{\"@type\":\"ListItem\",\"position\":2,\"name\":\"On parle de nous\"}]},{\"@type\":\"WebSite\",\"@id\":\"https:\/\/bhhs.mwhost.ca\/en\/#website\",\"url\":\"https:\/\/bhhs.mwhost.ca\/en\/\",\"name\":\"BHHS Qu\u00e9bec\",\"description\":\"\",\"publisher\":{\"@id\":\"https:\/\/bhhs.mwhost.ca\/en\/#organization\"},\"potentialAction\":[{\"@type\":\"SearchAction\",\"target\":{\"@type\":\"EntryPoint\",\"urlTemplate\":\"https:\/\/bhhs.mwhost.ca\/en\/?s={search_term_string}\"},\"query-input\":{\"@type\":\"PropertyValueSpecification\",\"valueRequired\":true,\"valueName\":\"search_term_string\"}}],\"inLanguage\":\"fr-FR\"},{\"@type\":\"Organization\",\"@id\":\"https:\/\/bhhs.mwhost.ca\/en\/#organization\",\"name\":\"BHHS Qu\u00e9bec\",\"url\":\"https:\/\/bhhs.mwhost.ca\/en\/\",\"logo\":{\"@type\":\"ImageObject\",\"inLanguage\":\"fr-FR\",\"@id\":\"https:\/\/bhhs.mwhost.ca\/en\/#\/schema\/logo\/image\/\",\"url\":\"https:\/\/bhhs.mwhost.ca\/wp-content\/uploads\/2023\/01\/BHHS-logo-v4.png\",\"contentUrl\":\"https:\/\/bhhs.mwhost.ca\/wp-content\/uploads\/2023\/01\/BHHS-logo-v4.png\",\"width\":690,\"height\":169,\"caption\":\"BHHS Qu\u00e9bec\"},\"image\":{\"@id\":\"https:\/\/bhhs.mwhost.ca\/en\/#\/schema\/logo\/image\/\"}}]}<\/script>\n<!-- \/ Yoast SEO plugin. -->","yoast_head_json":{"title":"On parle de nous - BHHS Qu\u00e9bec","robots":{"index":"index","follow":"follow","max-snippet":"max-snippet:-1","max-image-preview":"max-image-preview:large","max-video-preview":"max-video-preview:-1"},"canonical":"https:\/\/bhhs.mwhost.ca\/on-parle-de-nous\/","og_locale":"fr_FR","og_type":"article","og_title":"On parle de nous - BHHS Qu\u00e9bec","og_description":"[vc_row full_width=&#8221;stretch_row&#8221; el_class=&#8221;banner no_pad in-the-news-title&#8221; css=&#8221;.vc_custom_1695221546305{background: #484247 url(https:\/\/bhhs.mwhost.ca\/wp-content\/uploads\/2021\/01\/in-the-news.jpg?id=116370) !important;background-position: center !important;background-repeat: no-repeat !important;background-size: cover !important;}&#8221;][vc_column][vc_column_text] #Bon\u00c0Savoir [\/vc_column_text][\/vc_column][\/vc_row][vc_row][vc_column][vc_row_inner][vc_column_inner][\/vc_column_inner][\/vc_row_inner][\/vc_column][\/vc_row]","og_url":"https:\/\/bhhs.mwhost.ca\/on-parle-de-nous\/","og_site_name":"BHHS Qu\u00e9bec","article_modified_time":"2023-09-20T14:52:29+00:00","og_image":[{"width":1200,"height":628,"url":"https:\/\/bhhs.mwhost.ca\/wp-content\/uploads\/2023\/01\/bhhsquebec-og-image.jpg","type":"image\/jpeg"}],"twitter_card":"summary_large_image","twitter_misc":{"Dur\u00e9e de lecture estim\u00e9e":"1 minute"},"schema":{"@context":"https:\/\/schema.org","@graph":[{"@type":"WebPage","@id":"https:\/\/bhhs.mwhost.ca\/on-parle-de-nous\/","url":"https:\/\/bhhs.mwhost.ca\/on-parle-de-nous\/","name":"On parle de nous - BHHS Qu\u00e9bec","isPartOf":{"@id":"https:\/\/bhhs.mwhost.ca\/en\/#website"},"datePublished":"2021-01-28T16:39:56+00:00","dateModified":"2023-09-20T14:52:29+00:00","breadcrumb":{"@id":"https:\/\/bhhs.mwhost.ca\/on-parle-de-nous\/#breadcrumb"},"inLanguage":"fr-FR","potentialAction":[{"@type":"ReadAction","target":["https:\/\/bhhs.mwhost.ca\/on-parle-de-nous\/"]}]},{"@type":"BreadcrumbList","@id":"https:\/\/bhhs.mwhost.ca\/on-parle-de-nous\/#breadcrumb","itemListElement":[{"@type":"ListItem","position":1,"name":"Accueil","item":"https:\/\/bhhs.mwhost.ca\/"},{"@type":"ListItem","position":2,"name":"On parle de nous"}]},{"@type":"WebSite","@id":"https:\/\/bhhs.mwhost.ca\/en\/#website","url":"https:\/\/bhhs.mwhost.ca\/en\/","name":"BHHS Qu\u00e9bec","description":"","publisher":{"@id":"https:\/\/bhhs.mwhost.ca\/en\/#organization"},"potentialAction":[{"@type":"SearchAction","target":{"@type":"EntryPoint","urlTemplate":"https:\/\/bhhs.mwhost.ca\/en\/?s={search_term_string}"},"query-input":{"@type":"PropertyValueSpecification","valueRequired":true,"valueName":"search_term_string"}}],"inLanguage":"fr-FR"},{"@type":"Organization","@id":"https:\/\/bhhs.mwhost.ca\/en\/#organization","name":"BHHS Qu\u00e9bec","url":"https:\/\/bhhs.mwhost.ca\/en\/","logo":{"@type":"ImageObject","inLanguage":"fr-FR","@id":"https:\/\/bhhs.mwhost.ca\/en\/#\/schema\/logo\/image\/","url":"https:\/\/bhhs.mwhost.ca\/wp-content\/uploads\/2023\/01\/BHHS-logo-v4.png","contentUrl":"https:\/\/bhhs.mwhost.ca\/wp-content\/uploads\/2023\/01\/BHHS-logo-v4.png","width":690,"height":169,"caption":"BHHS Qu\u00e9bec"},"image":{"@id":"https:\/\/bhhs.mwhost.ca\/en\/#\/schema\/logo\/image\/"}}]}},"_links":{"self":[{"href":"https:\/\/bhhs.mwhost.ca\/fr\/wp-json\/wp\/v2\/pages\/116299","targetHints":{"allow":["GET"]}}],"collection":[{"href":"https:\/\/bhhs.mwhost.ca\/fr\/wp-json\/wp\/v2\/pages"}],"about":[{"href":"https:\/\/bhhs.mwhost.ca\/fr\/wp-json\/wp\/v2\/types\/page"}],"author":[{"embeddable":true,"href":"https:\/\/bhhs.mwhost.ca\/fr\/wp-json\/wp\/v2\/users\/64"}],"replies":[{"embeddable":true,"href":"https:\/\/bhhs.mwhost.ca\/fr\/wp-json\/wp\/v2\/comments?post=116299"}],"version-history":[{"count":19,"href":"https:\/\/bhhs.mwhost.ca\/fr\/wp-json\/wp\/v2\/pages\/116299\/revisions"}],"predecessor-version":[{"id":119602,"href":"https:\/\/bhhs.mwhost.ca\/fr\/wp-json\/wp\/v2\/pages\/116299\/revisions\/119602"}],"wp:attachment":[{"href":"https:\/\/bhhs.mwhost.ca\/fr\/wp-json\/wp\/v2\/media?parent=116299"}],"curies":[{"name":"wp","href":"https:\/\/api.w.org\/{rel}","templated":true}]}}