{"id":116868,"date":"2021-04-29T11:09:34","date_gmt":"2021-04-29T15:09:34","guid":{"rendered":"https:\/\/bhhs.mwhost.ca\/?page_id=116868"},"modified":"2024-11-08T11:49:27","modified_gmt":"2024-11-08T16:49:27","slug":"john-di-pietro","status":"publish","type":"page","link":"https:\/\/bhhs.mwhost.ca\/fr\/john-di-pietro\/","title":{"rendered":"Dexter Collantes"},"content":{"rendered":"<p>[vc_row][vc_column width=&#8221;1\/2&#8243;][vc_column_text]<\/p>\n<h1>Dexter Collantes<\/h1>\n<h4>Partenaire,<br \/>\nDirecteur des finances<\/h4>\n<p>[\/vc_column_text][vc_raw_html]JTNDZGl2JTIwY2xhc3MlM0QlMjJhZ2VudC1saXN0LXNvY2lhbCUyMiUzRSUwQSUwOSUzQ3NwYW4lM0UlMEElMDklMDklM0NhJTIwY2xhc3MlM0QlMjJidG4tZmFjZWJvb2slMjIlMjB0YXJnZXQlM0QlMjJfYmxhbmslMjIlMjBocmVmJTNEJTIyaHR0cHMlM0ElMkYlMkZ3d3cuZmFjZWJvb2suY29tJTJGZGV4dGVyLmNvbGxhbnRlcyUyMiUzRSUwQSUwOSUwOSUwOSUzQ2klMjBjbGFzcyUzRCUyMmhvdXplei1pY29uJTIwaWNvbi1zb2NpYWwtbWVkaWEtZmFjZWJvb2slMjBtci0yJTIyJTNFJTNDJTJGaSUzRSUwQSUwOSUwOSUzQyUyRmElM0UlMEElMDklM0MlMkZzcGFuJTNFJTBBJTA5JTNDc3BhbiUzRSUwQSUwOSUwOSUzQ2ElMjBjbGFzcyUzRCUyMmJ0bi1pbnN0YWdyYW0lMjIlMjB0YXJnZXQlM0QlMjJfYmxhbmslMjIlMjBocmVmJTNEJTIyaHR0cHMlM0ElMkYlMkZ3d3cuaW5zdGFncmFtLmNvbSUyRmRleHRlcmNvbGxhbnRlcyUyRiUyMiUzRSUwQSUwOSUwOSUwOSUzQ2klMjBjbGFzcyUzRCUyMmhvdXplei1pY29uJTIwaWNvbi1zb2NpYWwtaW5zdGFncmFtJTIwbXItMiUyMiUzRSUzQyUyRmklM0UlMEElMDklMDklM0MlMkZhJTNFJTBBJTA5JTNDJTJGc3BhbiUzRSUwQSUwOSUzQ3NwYW4lM0UlMEElMDklMDklM0NhJTIwY2xhc3MlM0QlMjJidG4tbGlua2VkaW4lMjIlMjB0YXJnZXQlM0QlMjJfYmxhbmslMjIlMjBocmVmJTNEJTIyaHR0cHMlM0ElMkYlMkZ3d3cubGlua2VkaW4uY29tJTJGaW4lMkZkZXh0ZXItY29sbGFudGVzLTUzNjg4OTUwJTJGJTIyJTNFJTBBJTA5JTA5JTA5JTNDaSUyMGNsYXNzJTNEJTIyaG91emV6LWljb24lMjBpY29uLXByb2Zlc3Npb25hbC1uZXR3b3JrLWxpbmtlZGluJTIwbXItMiUyMiUzRSUzQyUyRmklM0UlMEElMDklMDklM0MlMkZhJTNFJTBBJTA5JTNDJTJGc3BhbiUzRSUwQSUzQyUyRmRpdiUzRQ==[\/vc_raw_html][vc_column_text]<\/p>\n<p id=\"tw-target-text\" class=\"tw-data-text tw-text-large tw-ta\" dir=\"ltr\" data-placeholder=\"Translation\" data-ved=\"2ahUKEwipuL6gmM2JAxUAM1kFHfyIB1QQ3ewLegQICRAU\" aria-label=\"Translated text: En tant que\u00a0directeur financier, Dexter Collantes se consacre\u00a0\u00e0 soutenir nos courtiers et \u00e0 assurer la transparence et le professionnalisme des transactions immobili\u00e8res. Avec plus de 20 ans d'exp\u00e9rience dans l'industrie de l'h\u00f4tellerie et dans la gestion de restaurants \u00e0 Montr\u00e9al, Dexter s'est toujours concentr\u00e9 sur la constitution d'\u00e9quipes partageant les m\u00eames valeurs et la m\u00eame culture qui correspondent \u00e0 la vision de l'entreprise. Son souci du d\u00e9tail garantit que chaque exp\u00e9rience client est m\u00e9morable. L'engagement de Dexter envers le d\u00e9veloppement professionnel de son \u00e9quipe a non seulement favoris\u00e9 le succ\u00e8s des \u00e9tablissements, mais a \u00e9galement consid\u00e9rablement augment\u00e9 les ventes de l'entreprise et la reconnaissance de la marque.\"><span class=\"Y2IQFc\" lang=\"fr\">En tant que directeur des finances, Dexter Collantes se consacre \u00e0 soutenir nos courtiers et \u00e0 assurer la transparence et le professionnalisme des transactions immobili\u00e8res. <\/span><\/p>\n<p class=\"tw-data-text tw-text-large tw-ta\" dir=\"ltr\" data-placeholder=\"Translation\" data-ved=\"2ahUKEwipuL6gmM2JAxUAM1kFHfyIB1QQ3ewLegQICRAU\" aria-label=\"Translated text: En tant que\u00a0directeur financier, Dexter Collantes se consacre\u00a0\u00e0 soutenir nos courtiers et \u00e0 assurer la transparence et le professionnalisme des transactions immobili\u00e8res. Avec plus de 20 ans d'exp\u00e9rience dans l'industrie de l'h\u00f4tellerie et dans la gestion de restaurants \u00e0 Montr\u00e9al, Dexter s'est toujours concentr\u00e9 sur la constitution d'\u00e9quipes partageant les m\u00eames valeurs et la m\u00eame culture qui correspondent \u00e0 la vision de l'entreprise. Son souci du d\u00e9tail garantit que chaque exp\u00e9rience client est m\u00e9morable. L'engagement de Dexter envers le d\u00e9veloppement professionnel de son \u00e9quipe a non seulement favoris\u00e9 le succ\u00e8s des \u00e9tablissements, mais a \u00e9galement consid\u00e9rablement augment\u00e9 les ventes de l'entreprise et la reconnaissance de la marque.\"><span class=\"Y2IQFc\" lang=\"fr\">Avec plus de 20 ans d&#8217;exp\u00e9rience dans l&#8217;industrie de l&#8217;h\u00f4tellerie et dans la gestion de restaurants \u00e0 Montr\u00e9al, Dexter s&#8217;est toujours concentr\u00e9 sur la constitution d&#8217;\u00e9quipes partageant les m\u00eames valeurs et la m\u00eame culture qui correspondent \u00e0 la vision de l&#8217;entreprise. Son souci du d\u00e9tail garantit que chaque exp\u00e9rience client est m\u00e9morable. L&#8217;engagement de Dexter envers le d\u00e9veloppement professionnel de son \u00e9quipe a non seulement favoris\u00e9 le succ\u00e8s des \u00e9tablissements, mais a \u00e9galement consid\u00e9rablement augment\u00e9 les ventes de l&#8217;entreprise et la reconnaissance de la marque.<\/span><\/p>\n<p>[\/vc_column_text][vc_column_text][\/vc_column_text][\/vc_column][vc_column width=&#8221;1\/2&#8243;][vc_single_image image=&#8221;125335&#8243; img_size=&#8221;full&#8221;][\/vc_column][\/vc_row][vc_row][vc_column][\/vc_column][\/vc_row]<\/p>\n","protected":false},"excerpt":{"rendered":"<p>[vc_row][vc_column width=&#8221;1\/2&#8243;][vc_column_text] Dexter Collantes Partenaire, Directeur des finances [\/vc_column_text][vc_raw_html]JTNDZGl2JTIwY2xhc3MlM0QlMjJhZ2VudC1saXN0LXNvY2lhbCUyMiUzRSUwQSUwOSUzQ3NwYW4lM0UlMEElMDklMDklM0NhJTIwY2xhc3MlM0QlMjJidG4tZmFjZWJvb2slMjIlMjB0YXJnZXQlM0QlMjJfYmxhbmslMjIlMjBocmVmJTNEJTIyaHR0cHMlM0ElMkYlMkZ3d3cuZmFjZWJvb2suY29tJTJGZGV4dGVyLmNvbGxhbnRlcyUyMiUzRSUwQSUwOSUwOSUwOSUzQ2klMjBjbGFzcyUzRCUyMmhvdXplei1pY29uJTIwaWNvbi1zb2NpYWwtbWVkaWEtZmFjZWJvb2slMjBtci0yJTIyJTNFJTNDJTJGaSUzRSUwQSUwOSUwOSUzQyUyRmElM0UlMEElMDklM0MlMkZzcGFuJTNFJTBBJTA5JTNDc3BhbiUzRSUwQSUwOSUwOSUzQ2ElMjBjbGFzcyUzRCUyMmJ0bi1pbnN0YWdyYW0lMjIlMjB0YXJnZXQlM0QlMjJfYmxhbmslMjIlMjBocmVmJTNEJTIyaHR0cHMlM0ElMkYlMkZ3d3cuaW5zdGFncmFtLmNvbSUyRmRleHRlcmNvbGxhbnRlcyUyRiUyMiUzRSUwQSUwOSUwOSUwOSUzQ2klMjBjbGFzcyUzRCUyMmhvdXplei1pY29uJTIwaWNvbi1zb2NpYWwtaW5zdGFncmFtJTIwbXItMiUyMiUzRSUzQyUyRmklM0UlMEElMDklMDklM0MlMkZhJTNFJTBBJTA5JTNDJTJGc3BhbiUzRSUwQSUwOSUzQ3NwYW4lM0UlMEElMDklMDklM0NhJTIwY2xhc3MlM0QlMjJidG4tbGlua2VkaW4lMjIlMjB0YXJnZXQlM0QlMjJfYmxhbmslMjIlMjBocmVmJTNEJTIyaHR0cHMlM0ElMkYlMkZ3d3cubGlua2VkaW4uY29tJTJGaW4lMkZkZXh0ZXItY29sbGFudGVzLTUzNjg4OTUwJTJGJTIyJTNFJTBBJTA5JTA5JTA5JTNDaSUyMGNsYXNzJTNEJTIyaG91emV6LWljb24lMjBpY29uLXByb2Zlc3Npb25hbC1uZXR3b3JrLWxpbmtlZGluJTIwbXItMiUyMiUzRSUzQyUyRmklM0UlMEElMDklMDklM0MlMkZhJTNFJTBBJTA5JTNDJTJGc3BhbiUzRSUwQSUzQyUyRmRpdiUzRQ==[\/vc_raw_html][vc_column_text] En tant que directeur des finances, Dexter Collantes se consacre \u00e0 soutenir nos courtiers et \u00e0 assurer la transparence et le professionnalisme des transactions immobili\u00e8res. Avec plus de 20 ans d&#8217;exp\u00e9rience dans l&#8217;industrie de l&#8217;h\u00f4tellerie et dans la gestion de restaurants \u00e0 Montr\u00e9al, Dexter s&#8217;est toujours [&hellip;]<\/p>\n","protected":false},"author":64,"featured_media":125335,"parent":0,"menu_order":0,"comment_status":"closed","ping_status":"closed","template":"template\/template-homepage.php","meta":{"_acf_changed":false,"footnotes":""},"class_list":["post-116868","page","type-page","status-publish","has-post-thumbnail","hentry"],"acf":[],"yoast_head":"<!-- This site is optimized with the Yoast SEO plugin v26.2 - https:\/\/yoast.com\/wordpress\/plugins\/seo\/ -->\n<title>Dexter Collantes - BHHS Qu\u00e9bec<\/title>\n<meta name=\"robots\" content=\"index, follow, max-snippet:-1, max-image-preview:large, max-video-preview:-1\" \/>\n<link rel=\"canonical\" href=\"https:\/\/bhhs.mwhost.ca\/john-di-pietro\/\" \/>\n<meta property=\"og:locale\" content=\"fr_FR\" \/>\n<meta property=\"og:type\" content=\"article\" \/>\n<meta property=\"og:title\" content=\"Dexter Collantes - BHHS Qu\u00e9bec\" \/>\n<meta property=\"og:description\" content=\"[vc_row][vc_column width=&#8221;1\/2&#8243;][vc_column_text] Dexter Collantes Partenaire, Directeur des finances [\/vc_column_text][vc_raw_html]JTNDZGl2JTIwY2xhc3MlM0QlMjJhZ2VudC1saXN0LXNvY2lhbCUyMiUzRSUwQSUwOSUzQ3NwYW4lM0UlMEElMDklMDklM0NhJTIwY2xhc3MlM0QlMjJidG4tZmFjZWJvb2slMjIlMjB0YXJnZXQlM0QlMjJfYmxhbmslMjIlMjBocmVmJTNEJTIyaHR0cHMlM0ElMkYlMkZ3d3cuZmFjZWJvb2suY29tJTJGZGV4dGVyLmNvbGxhbnRlcyUyMiUzRSUwQSUwOSUwOSUwOSUzQ2klMjBjbGFzcyUzRCUyMmhvdXplei1pY29uJTIwaWNvbi1zb2NpYWwtbWVkaWEtZmFjZWJvb2slMjBtci0yJTIyJTNFJTNDJTJGaSUzRSUwQSUwOSUwOSUzQyUyRmElM0UlMEElMDklM0MlMkZzcGFuJTNFJTBBJTA5JTNDc3BhbiUzRSUwQSUwOSUwOSUzQ2ElMjBjbGFzcyUzRCUyMmJ0bi1pbnN0YWdyYW0lMjIlMjB0YXJnZXQlM0QlMjJfYmxhbmslMjIlMjBocmVmJTNEJTIyaHR0cHMlM0ElMkYlMkZ3d3cuaW5zdGFncmFtLmNvbSUyRmRleHRlcmNvbGxhbnRlcyUyRiUyMiUzRSUwQSUwOSUwOSUwOSUzQ2klMjBjbGFzcyUzRCUyMmhvdXplei1pY29uJTIwaWNvbi1zb2NpYWwtaW5zdGFncmFtJTIwbXItMiUyMiUzRSUzQyUyRmklM0UlMEElMDklMDklM0MlMkZhJTNFJTBBJTA5JTNDJTJGc3BhbiUzRSUwQSUwOSUzQ3NwYW4lM0UlMEElMDklMDklM0NhJTIwY2xhc3MlM0QlMjJidG4tbGlua2VkaW4lMjIlMjB0YXJnZXQlM0QlMjJfYmxhbmslMjIlMjBocmVmJTNEJTIyaHR0cHMlM0ElMkYlMkZ3d3cubGlua2VkaW4uY29tJTJGaW4lMkZkZXh0ZXItY29sbGFudGVzLTUzNjg4OTUwJTJGJTIyJTNFJTBBJTA5JTA5JTA5JTNDaSUyMGNsYXNzJTNEJTIyaG91emV6LWljb24lMjBpY29uLXByb2Zlc3Npb25hbC1uZXR3b3JrLWxpbmtlZGluJTIwbXItMiUyMiUzRSUzQyUyRmklM0UlMEElMDklMDklM0MlMkZhJTNFJTBBJTA5JTNDJTJGc3BhbiUzRSUwQSUzQyUyRmRpdiUzRQ==[\/vc_raw_html][vc_column_text] En tant que directeur des finances, Dexter Collantes se consacre \u00e0 soutenir nos courtiers et \u00e0 assurer la transparence et le professionnalisme des transactions immobili\u00e8res. Avec plus de 20 ans d&#8217;exp\u00e9rience dans l&#8217;industrie de l&#8217;h\u00f4tellerie et dans la gestion de restaurants \u00e0 Montr\u00e9al, Dexter s&#8217;est toujours [&hellip;]\" \/>\n<meta property=\"og:url\" content=\"https:\/\/bhhs.mwhost.ca\/john-di-pietro\/\" \/>\n<meta property=\"og:site_name\" content=\"BHHS Qu\u00e9bec\" \/>\n<meta property=\"article:modified_time\" content=\"2024-11-08T16:49:27+00:00\" \/>\n<meta property=\"og:image\" content=\"https:\/\/bhhs.mwhost.ca\/wp-content\/uploads\/2024\/11\/Untitled-design-2.jpg\" \/>\n\t<meta property=\"og:image:width\" content=\"1080\" \/>\n\t<meta property=\"og:image:height\" content=\"1080\" \/>\n\t<meta property=\"og:image:type\" content=\"image\/jpeg\" \/>\n<meta name=\"twitter:card\" content=\"summary_large_image\" \/>\n<meta name=\"twitter:label1\" content=\"Dur\u00e9e de lecture estim\u00e9e\" \/>\n\t<meta name=\"twitter:data1\" content=\"1 minute\" \/>\n<script type=\"application\/ld+json\" class=\"yoast-schema-graph\">{\"@context\":\"https:\/\/schema.org\",\"@graph\":[{\"@type\":\"WebPage\",\"@id\":\"https:\/\/bhhs.mwhost.ca\/john-di-pietro\/\",\"url\":\"https:\/\/bhhs.mwhost.ca\/john-di-pietro\/\",\"name\":\"Dexter Collantes - BHHS Qu\u00e9bec\",\"isPartOf\":{\"@id\":\"https:\/\/bhhs.mwhost.ca\/en\/#website\"},\"primaryImageOfPage\":{\"@id\":\"https:\/\/bhhs.mwhost.ca\/john-di-pietro\/#primaryimage\"},\"image\":{\"@id\":\"https:\/\/bhhs.mwhost.ca\/john-di-pietro\/#primaryimage\"},\"thumbnailUrl\":\"https:\/\/bhhs.mwhost.ca\/wp-content\/uploads\/2024\/11\/Untitled-design-2.jpg\",\"datePublished\":\"2021-04-29T15:09:34+00:00\",\"dateModified\":\"2024-11-08T16:49:27+00:00\",\"breadcrumb\":{\"@id\":\"https:\/\/bhhs.mwhost.ca\/john-di-pietro\/#breadcrumb\"},\"inLanguage\":\"fr-FR\",\"potentialAction\":[{\"@type\":\"ReadAction\",\"target\":[\"https:\/\/bhhs.mwhost.ca\/john-di-pietro\/\"]}]},{\"@type\":\"ImageObject\",\"inLanguage\":\"fr-FR\",\"@id\":\"https:\/\/bhhs.mwhost.ca\/john-di-pietro\/#primaryimage\",\"url\":\"https:\/\/bhhs.mwhost.ca\/wp-content\/uploads\/2024\/11\/Untitled-design-2.jpg\",\"contentUrl\":\"https:\/\/bhhs.mwhost.ca\/wp-content\/uploads\/2024\/11\/Untitled-design-2.jpg\",\"width\":1080,\"height\":1080},{\"@type\":\"BreadcrumbList\",\"@id\":\"https:\/\/bhhs.mwhost.ca\/john-di-pietro\/#breadcrumb\",\"itemListElement\":[{\"@type\":\"ListItem\",\"position\":1,\"name\":\"Accueil\",\"item\":\"https:\/\/bhhs.mwhost.ca\/\"},{\"@type\":\"ListItem\",\"position\":2,\"name\":\"Dexter Collantes\"}]},{\"@type\":\"WebSite\",\"@id\":\"https:\/\/bhhs.mwhost.ca\/en\/#website\",\"url\":\"https:\/\/bhhs.mwhost.ca\/en\/\",\"name\":\"BHHS Qu\u00e9bec\",\"description\":\"\",\"publisher\":{\"@id\":\"https:\/\/bhhs.mwhost.ca\/en\/#organization\"},\"potentialAction\":[{\"@type\":\"SearchAction\",\"target\":{\"@type\":\"EntryPoint\",\"urlTemplate\":\"https:\/\/bhhs.mwhost.ca\/en\/?s={search_term_string}\"},\"query-input\":{\"@type\":\"PropertyValueSpecification\",\"valueRequired\":true,\"valueName\":\"search_term_string\"}}],\"inLanguage\":\"fr-FR\"},{\"@type\":\"Organization\",\"@id\":\"https:\/\/bhhs.mwhost.ca\/en\/#organization\",\"name\":\"BHHS Qu\u00e9bec\",\"url\":\"https:\/\/bhhs.mwhost.ca\/en\/\",\"logo\":{\"@type\":\"ImageObject\",\"inLanguage\":\"fr-FR\",\"@id\":\"https:\/\/bhhs.mwhost.ca\/en\/#\/schema\/logo\/image\/\",\"url\":\"https:\/\/bhhs.mwhost.ca\/wp-content\/uploads\/2023\/01\/BHHS-logo-v4.png\",\"contentUrl\":\"https:\/\/bhhs.mwhost.ca\/wp-content\/uploads\/2023\/01\/BHHS-logo-v4.png\",\"width\":690,\"height\":169,\"caption\":\"BHHS Qu\u00e9bec\"},\"image\":{\"@id\":\"https:\/\/bhhs.mwhost.ca\/en\/#\/schema\/logo\/image\/\"}}]}<\/script>\n<!-- \/ Yoast SEO plugin. -->","yoast_head_json":{"title":"Dexter Collantes - BHHS Qu\u00e9bec","robots":{"index":"index","follow":"follow","max-snippet":"max-snippet:-1","max-image-preview":"max-image-preview:large","max-video-preview":"max-video-preview:-1"},"canonical":"https:\/\/bhhs.mwhost.ca\/john-di-pietro\/","og_locale":"fr_FR","og_type":"article","og_title":"Dexter Collantes - BHHS Qu\u00e9bec","og_description":"[vc_row][vc_column width=&#8221;1\/2&#8243;][vc_column_text] Dexter Collantes Partenaire, Directeur des finances [\/vc_column_text][vc_raw_html]JTNDZGl2JTIwY2xhc3MlM0QlMjJhZ2VudC1saXN0LXNvY2lhbCUyMiUzRSUwQSUwOSUzQ3NwYW4lM0UlMEElMDklMDklM0NhJTIwY2xhc3MlM0QlMjJidG4tZmFjZWJvb2slMjIlMjB0YXJnZXQlM0QlMjJfYmxhbmslMjIlMjBocmVmJTNEJTIyaHR0cHMlM0ElMkYlMkZ3d3cuZmFjZWJvb2suY29tJTJGZGV4dGVyLmNvbGxhbnRlcyUyMiUzRSUwQSUwOSUwOSUwOSUzQ2klMjBjbGFzcyUzRCUyMmhvdXplei1pY29uJTIwaWNvbi1zb2NpYWwtbWVkaWEtZmFjZWJvb2slMjBtci0yJTIyJTNFJTNDJTJGaSUzRSUwQSUwOSUwOSUzQyUyRmElM0UlMEElMDklM0MlMkZzcGFuJTNFJTBBJTA5JTNDc3BhbiUzRSUwQSUwOSUwOSUzQ2ElMjBjbGFzcyUzRCUyMmJ0bi1pbnN0YWdyYW0lMjIlMjB0YXJnZXQlM0QlMjJfYmxhbmslMjIlMjBocmVmJTNEJTIyaHR0cHMlM0ElMkYlMkZ3d3cuaW5zdGFncmFtLmNvbSUyRmRleHRlcmNvbGxhbnRlcyUyRiUyMiUzRSUwQSUwOSUwOSUwOSUzQ2klMjBjbGFzcyUzRCUyMmhvdXplei1pY29uJTIwaWNvbi1zb2NpYWwtaW5zdGFncmFtJTIwbXItMiUyMiUzRSUzQyUyRmklM0UlMEElMDklMDklM0MlMkZhJTNFJTBBJTA5JTNDJTJGc3BhbiUzRSUwQSUwOSUzQ3NwYW4lM0UlMEElMDklMDklM0NhJTIwY2xhc3MlM0QlMjJidG4tbGlua2VkaW4lMjIlMjB0YXJnZXQlM0QlMjJfYmxhbmslMjIlMjBocmVmJTNEJTIyaHR0cHMlM0ElMkYlMkZ3d3cubGlua2VkaW4uY29tJTJGaW4lMkZkZXh0ZXItY29sbGFudGVzLTUzNjg4OTUwJTJGJTIyJTNFJTBBJTA5JTA5JTA5JTNDaSUyMGNsYXNzJTNEJTIyaG91emV6LWljb24lMjBpY29uLXByb2Zlc3Npb25hbC1uZXR3b3JrLWxpbmtlZGluJTIwbXItMiUyMiUzRSUzQyUyRmklM0UlMEElMDklMDklM0MlMkZhJTNFJTBBJTA5JTNDJTJGc3BhbiUzRSUwQSUzQyUyRmRpdiUzRQ==[\/vc_raw_html][vc_column_text] En tant que directeur des finances, Dexter Collantes se consacre \u00e0 soutenir nos courtiers et \u00e0 assurer la transparence et le professionnalisme des transactions immobili\u00e8res. Avec plus de 20 ans d&#8217;exp\u00e9rience dans l&#8217;industrie de l&#8217;h\u00f4tellerie et dans la gestion de restaurants \u00e0 Montr\u00e9al, Dexter s&#8217;est toujours [&hellip;]","og_url":"https:\/\/bhhs.mwhost.ca\/john-di-pietro\/","og_site_name":"BHHS Qu\u00e9bec","article_modified_time":"2024-11-08T16:49:27+00:00","og_image":[{"width":1080,"height":1080,"url":"https:\/\/bhhs.mwhost.ca\/wp-content\/uploads\/2024\/11\/Untitled-design-2.jpg","type":"image\/jpeg"}],"twitter_card":"summary_large_image","twitter_misc":{"Dur\u00e9e de lecture estim\u00e9e":"1 minute"},"schema":{"@context":"https:\/\/schema.org","@graph":[{"@type":"WebPage","@id":"https:\/\/bhhs.mwhost.ca\/john-di-pietro\/","url":"https:\/\/bhhs.mwhost.ca\/john-di-pietro\/","name":"Dexter Collantes - BHHS Qu\u00e9bec","isPartOf":{"@id":"https:\/\/bhhs.mwhost.ca\/en\/#website"},"primaryImageOfPage":{"@id":"https:\/\/bhhs.mwhost.ca\/john-di-pietro\/#primaryimage"},"image":{"@id":"https:\/\/bhhs.mwhost.ca\/john-di-pietro\/#primaryimage"},"thumbnailUrl":"https:\/\/bhhs.mwhost.ca\/wp-content\/uploads\/2024\/11\/Untitled-design-2.jpg","datePublished":"2021-04-29T15:09:34+00:00","dateModified":"2024-11-08T16:49:27+00:00","breadcrumb":{"@id":"https:\/\/bhhs.mwhost.ca\/john-di-pietro\/#breadcrumb"},"inLanguage":"fr-FR","potentialAction":[{"@type":"ReadAction","target":["https:\/\/bhhs.mwhost.ca\/john-di-pietro\/"]}]},{"@type":"ImageObject","inLanguage":"fr-FR","@id":"https:\/\/bhhs.mwhost.ca\/john-di-pietro\/#primaryimage","url":"https:\/\/bhhs.mwhost.ca\/wp-content\/uploads\/2024\/11\/Untitled-design-2.jpg","contentUrl":"https:\/\/bhhs.mwhost.ca\/wp-content\/uploads\/2024\/11\/Untitled-design-2.jpg","width":1080,"height":1080},{"@type":"BreadcrumbList","@id":"https:\/\/bhhs.mwhost.ca\/john-di-pietro\/#breadcrumb","itemListElement":[{"@type":"ListItem","position":1,"name":"Accueil","item":"https:\/\/bhhs.mwhost.ca\/"},{"@type":"ListItem","position":2,"name":"Dexter Collantes"}]},{"@type":"WebSite","@id":"https:\/\/bhhs.mwhost.ca\/en\/#website","url":"https:\/\/bhhs.mwhost.ca\/en\/","name":"BHHS Qu\u00e9bec","description":"","publisher":{"@id":"https:\/\/bhhs.mwhost.ca\/en\/#organization"},"potentialAction":[{"@type":"SearchAction","target":{"@type":"EntryPoint","urlTemplate":"https:\/\/bhhs.mwhost.ca\/en\/?s={search_term_string}"},"query-input":{"@type":"PropertyValueSpecification","valueRequired":true,"valueName":"search_term_string"}}],"inLanguage":"fr-FR"},{"@type":"Organization","@id":"https:\/\/bhhs.mwhost.ca\/en\/#organization","name":"BHHS Qu\u00e9bec","url":"https:\/\/bhhs.mwhost.ca\/en\/","logo":{"@type":"ImageObject","inLanguage":"fr-FR","@id":"https:\/\/bhhs.mwhost.ca\/en\/#\/schema\/logo\/image\/","url":"https:\/\/bhhs.mwhost.ca\/wp-content\/uploads\/2023\/01\/BHHS-logo-v4.png","contentUrl":"https:\/\/bhhs.mwhost.ca\/wp-content\/uploads\/2023\/01\/BHHS-logo-v4.png","width":690,"height":169,"caption":"BHHS Qu\u00e9bec"},"image":{"@id":"https:\/\/bhhs.mwhost.ca\/en\/#\/schema\/logo\/image\/"}}]}},"_links":{"self":[{"href":"https:\/\/bhhs.mwhost.ca\/fr\/wp-json\/wp\/v2\/pages\/116868","targetHints":{"allow":["GET"]}}],"collection":[{"href":"https:\/\/bhhs.mwhost.ca\/fr\/wp-json\/wp\/v2\/pages"}],"about":[{"href":"https:\/\/bhhs.mwhost.ca\/fr\/wp-json\/wp\/v2\/types\/page"}],"author":[{"embeddable":true,"href":"https:\/\/bhhs.mwhost.ca\/fr\/wp-json\/wp\/v2\/users\/64"}],"replies":[{"embeddable":true,"href":"https:\/\/bhhs.mwhost.ca\/fr\/wp-json\/wp\/v2\/comments?post=116868"}],"version-history":[{"count":9,"href":"https:\/\/bhhs.mwhost.ca\/fr\/wp-json\/wp\/v2\/pages\/116868\/revisions"}],"predecessor-version":[{"id":125410,"href":"https:\/\/bhhs.mwhost.ca\/fr\/wp-json\/wp\/v2\/pages\/116868\/revisions\/125410"}],"wp:featuredmedia":[{"embeddable":true,"href":"https:\/\/bhhs.mwhost.ca\/fr\/wp-json\/wp\/v2\/media\/125335"}],"wp:attachment":[{"href":"https:\/\/bhhs.mwhost.ca\/fr\/wp-json\/wp\/v2\/media?parent=116868"}],"curies":[{"name":"wp","href":"https:\/\/api.w.org\/{rel}","templated":true}]}}