{"id":119385,"date":"2023-09-15T10:09:39","date_gmt":"2023-09-15T14:09:39","guid":{"rendered":"https:\/\/mwdemos.ca\/bhhs\/?page_id=119385"},"modified":"2024-01-15T10:04:10","modified_gmt":"2024-01-15T15:04:10","slug":"toutes-les-proprietes","status":"publish","type":"page","link":"https:\/\/bhhs.mwhost.ca\/fr\/toutes-les-proprietes\/","title":{"rendered":"Propri\u00e9t\u00e9s"},"content":{"rendered":"<p><\/p>\n","protected":false},"excerpt":{"rendered":"","protected":false},"author":64,"featured_media":0,"parent":0,"menu_order":0,"comment_status":"closed","ping_status":"closed","template":"template-props.php","meta":{"_acf_changed":false,"footnotes":""},"class_list":["post-119385","page","type-page","status-publish","hentry"],"acf":[],"yoast_head":"<!-- This site is optimized with the Yoast SEO plugin v26.2 - https:\/\/yoast.com\/wordpress\/plugins\/seo\/ -->\n<title>Propri\u00e9t\u00e9s - BHHS Qu\u00e9bec<\/title>\n<meta name=\"robots\" content=\"index, follow, max-snippet:-1, max-image-preview:large, max-video-preview:-1\" \/>\n<link rel=\"canonical\" href=\"https:\/\/bhhs.mwhost.ca\/toutes-les-proprietes\/\" \/>\n<meta property=\"og:locale\" content=\"fr_FR\" \/>\n<meta property=\"og:type\" content=\"article\" \/>\n<meta property=\"og:title\" content=\"Propri\u00e9t\u00e9s - BHHS Qu\u00e9bec\" \/>\n<meta property=\"og:url\" content=\"https:\/\/bhhs.mwhost.ca\/toutes-les-proprietes\/\" \/>\n<meta property=\"og:site_name\" content=\"BHHS Qu\u00e9bec\" \/>\n<meta property=\"article:modified_time\" content=\"2024-01-15T15:04:10+00:00\" \/>\n<meta property=\"og:image\" content=\"https:\/\/bhhs.mwhost.ca\/wp-content\/uploads\/2023\/01\/bhhsquebec-og-image.jpg\" \/>\n\t<meta property=\"og:image:width\" content=\"1200\" \/>\n\t<meta property=\"og:image:height\" content=\"628\" \/>\n\t<meta property=\"og:image:type\" content=\"image\/jpeg\" \/>\n<meta name=\"twitter:card\" content=\"summary_large_image\" \/>\n<meta name=\"twitter:label1\" content=\"Dur\u00e9e de lecture estim\u00e9e\" \/>\n\t<meta name=\"twitter:data1\" content=\"1 minute\" \/>\n<script type=\"application\/ld+json\" class=\"yoast-schema-graph\">{\"@context\":\"https:\/\/schema.org\",\"@graph\":[{\"@type\":\"WebPage\",\"@id\":\"https:\/\/bhhs.mwhost.ca\/toutes-les-proprietes\/\",\"url\":\"https:\/\/bhhs.mwhost.ca\/toutes-les-proprietes\/\",\"name\":\"Propri\u00e9t\u00e9s - BHHS Qu\u00e9bec\",\"isPartOf\":{\"@id\":\"https:\/\/bhhs.mwhost.ca\/en\/#website\"},\"datePublished\":\"2023-09-15T14:09:39+00:00\",\"dateModified\":\"2024-01-15T15:04:10+00:00\",\"breadcrumb\":{\"@id\":\"https:\/\/bhhs.mwhost.ca\/toutes-les-proprietes\/#breadcrumb\"},\"inLanguage\":\"fr-FR\",\"potentialAction\":[{\"@type\":\"ReadAction\",\"target\":[\"https:\/\/bhhs.mwhost.ca\/toutes-les-proprietes\/\"]}]},{\"@type\":\"BreadcrumbList\",\"@id\":\"https:\/\/bhhs.mwhost.ca\/toutes-les-proprietes\/#breadcrumb\",\"itemListElement\":[{\"@type\":\"ListItem\",\"position\":1,\"name\":\"Accueil\",\"item\":\"https:\/\/bhhs.mwhost.ca\/\"},{\"@type\":\"ListItem\",\"position\":2,\"name\":\"Propri\u00e9t\u00e9s\"}]},{\"@type\":\"WebSite\",\"@id\":\"https:\/\/bhhs.mwhost.ca\/en\/#website\",\"url\":\"https:\/\/bhhs.mwhost.ca\/en\/\",\"name\":\"BHHS Qu\u00e9bec\",\"description\":\"\",\"publisher\":{\"@id\":\"https:\/\/bhhs.mwhost.ca\/en\/#organization\"},\"potentialAction\":[{\"@type\":\"SearchAction\",\"target\":{\"@type\":\"EntryPoint\",\"urlTemplate\":\"https:\/\/bhhs.mwhost.ca\/en\/?s={search_term_string}\"},\"query-input\":{\"@type\":\"PropertyValueSpecification\",\"valueRequired\":true,\"valueName\":\"search_term_string\"}}],\"inLanguage\":\"fr-FR\"},{\"@type\":\"Organization\",\"@id\":\"https:\/\/bhhs.mwhost.ca\/en\/#organization\",\"name\":\"BHHS Qu\u00e9bec\",\"url\":\"https:\/\/bhhs.mwhost.ca\/en\/\",\"logo\":{\"@type\":\"ImageObject\",\"inLanguage\":\"fr-FR\",\"@id\":\"https:\/\/bhhs.mwhost.ca\/en\/#\/schema\/logo\/image\/\",\"url\":\"https:\/\/bhhs.mwhost.ca\/wp-content\/uploads\/2023\/01\/BHHS-logo-v4.png\",\"contentUrl\":\"https:\/\/bhhs.mwhost.ca\/wp-content\/uploads\/2023\/01\/BHHS-logo-v4.png\",\"width\":690,\"height\":169,\"caption\":\"BHHS Qu\u00e9bec\"},\"image\":{\"@id\":\"https:\/\/bhhs.mwhost.ca\/en\/#\/schema\/logo\/image\/\"}}]}<\/script>\n<!-- \/ Yoast SEO plugin. -->","yoast_head_json":{"title":"Propri\u00e9t\u00e9s - BHHS Qu\u00e9bec","robots":{"index":"index","follow":"follow","max-snippet":"max-snippet:-1","max-image-preview":"max-image-preview:large","max-video-preview":"max-video-preview:-1"},"canonical":"https:\/\/bhhs.mwhost.ca\/toutes-les-proprietes\/","og_locale":"fr_FR","og_type":"article","og_title":"Propri\u00e9t\u00e9s - BHHS Qu\u00e9bec","og_url":"https:\/\/bhhs.mwhost.ca\/toutes-les-proprietes\/","og_site_name":"BHHS Qu\u00e9bec","article_modified_time":"2024-01-15T15:04:10+00:00","og_image":[{"width":1200,"height":628,"url":"https:\/\/bhhs.mwhost.ca\/wp-content\/uploads\/2023\/01\/bhhsquebec-og-image.jpg","type":"image\/jpeg"}],"twitter_card":"summary_large_image","twitter_misc":{"Dur\u00e9e de lecture estim\u00e9e":"1 minute"},"schema":{"@context":"https:\/\/schema.org","@graph":[{"@type":"WebPage","@id":"https:\/\/bhhs.mwhost.ca\/toutes-les-proprietes\/","url":"https:\/\/bhhs.mwhost.ca\/toutes-les-proprietes\/","name":"Propri\u00e9t\u00e9s - BHHS Qu\u00e9bec","isPartOf":{"@id":"https:\/\/bhhs.mwhost.ca\/en\/#website"},"datePublished":"2023-09-15T14:09:39+00:00","dateModified":"2024-01-15T15:04:10+00:00","breadcrumb":{"@id":"https:\/\/bhhs.mwhost.ca\/toutes-les-proprietes\/#breadcrumb"},"inLanguage":"fr-FR","potentialAction":[{"@type":"ReadAction","target":["https:\/\/bhhs.mwhost.ca\/toutes-les-proprietes\/"]}]},{"@type":"BreadcrumbList","@id":"https:\/\/bhhs.mwhost.ca\/toutes-les-proprietes\/#breadcrumb","itemListElement":[{"@type":"ListItem","position":1,"name":"Accueil","item":"https:\/\/bhhs.mwhost.ca\/"},{"@type":"ListItem","position":2,"name":"Propri\u00e9t\u00e9s"}]},{"@type":"WebSite","@id":"https:\/\/bhhs.mwhost.ca\/en\/#website","url":"https:\/\/bhhs.mwhost.ca\/en\/","name":"BHHS Qu\u00e9bec","description":"","publisher":{"@id":"https:\/\/bhhs.mwhost.ca\/en\/#organization"},"potentialAction":[{"@type":"SearchAction","target":{"@type":"EntryPoint","urlTemplate":"https:\/\/bhhs.mwhost.ca\/en\/?s={search_term_string}"},"query-input":{"@type":"PropertyValueSpecification","valueRequired":true,"valueName":"search_term_string"}}],"inLanguage":"fr-FR"},{"@type":"Organization","@id":"https:\/\/bhhs.mwhost.ca\/en\/#organization","name":"BHHS Qu\u00e9bec","url":"https:\/\/bhhs.mwhost.ca\/en\/","logo":{"@type":"ImageObject","inLanguage":"fr-FR","@id":"https:\/\/bhhs.mwhost.ca\/en\/#\/schema\/logo\/image\/","url":"https:\/\/bhhs.mwhost.ca\/wp-content\/uploads\/2023\/01\/BHHS-logo-v4.png","contentUrl":"https:\/\/bhhs.mwhost.ca\/wp-content\/uploads\/2023\/01\/BHHS-logo-v4.png","width":690,"height":169,"caption":"BHHS Qu\u00e9bec"},"image":{"@id":"https:\/\/bhhs.mwhost.ca\/en\/#\/schema\/logo\/image\/"}}]}},"_links":{"self":[{"href":"https:\/\/bhhs.mwhost.ca\/fr\/wp-json\/wp\/v2\/pages\/119385","targetHints":{"allow":["GET"]}}],"collection":[{"href":"https:\/\/bhhs.mwhost.ca\/fr\/wp-json\/wp\/v2\/pages"}],"about":[{"href":"https:\/\/bhhs.mwhost.ca\/fr\/wp-json\/wp\/v2\/types\/page"}],"author":[{"embeddable":true,"href":"https:\/\/bhhs.mwhost.ca\/fr\/wp-json\/wp\/v2\/users\/64"}],"replies":[{"embeddable":true,"href":"https:\/\/bhhs.mwhost.ca\/fr\/wp-json\/wp\/v2\/comments?post=119385"}],"version-history":[{"count":10,"href":"https:\/\/bhhs.mwhost.ca\/fr\/wp-json\/wp\/v2\/pages\/119385\/revisions"}],"predecessor-version":[{"id":120915,"href":"https:\/\/bhhs.mwhost.ca\/fr\/wp-json\/wp\/v2\/pages\/119385\/revisions\/120915"}],"wp:attachment":[{"href":"https:\/\/bhhs.mwhost.ca\/fr\/wp-json\/wp\/v2\/media?parent=119385"}],"curies":[{"name":"wp","href":"https:\/\/api.w.org\/{rel}","templated":true}]}}